{"id":3309,"date":"2023-04-05T15:52:04","date_gmt":"2023-04-05T15:52:04","guid":{"rendered":"https:\/\/mygoalthemes.com\/demo\/lindo\/?page_id=3"},"modified":"2025-03-07T07:11:31","modified_gmt":"2025-03-07T07:11:31","slug":"datenschutzerklarung","status":"publish","type":"page","link":"https:\/\/camper4hire.co.nz\/de\/datenschutzerklarung\/","title":{"rendered":"Datenschutz-Bestimmungen"},"content":{"rendered":"<div data-elementor-type=\"wp-page\" data-elementor-id=\"3309\" class=\"elementor elementor-3309\" data-elementor-settings=\"{&quot;ha_cmc_init_switcher&quot;:&quot;no&quot;}\" data-elementor-post-type=\"page\">\n\t\t\t\t\t\t<section class=\"elementor-section elementor-top-section elementor-element elementor-element-5e5dba91 elementor-section-boxed elementor-section-height-default elementor-section-height-default\" data-id=\"5e5dba91\" data-element_type=\"section\" data-e-type=\"section\" data-settings=\"{&quot;_ha_eqh_enable&quot;:false}\">\n\t\t\t\t\t\t<div class=\"elementor-container elementor-column-gap-default\">\n\t\t\t\t\t<div class=\"elementor-column elementor-col-100 elementor-top-column elementor-element elementor-element-2ba8852e\" data-id=\"2ba8852e\" data-element_type=\"column\" data-e-type=\"column\">\n\t\t\t<div class=\"elementor-widget-wrap elementor-element-populated\">\n\t\t\t\t\t\t<div class=\"elementor-element elementor-element-572a5f8 elementor-widget elementor-widget-heading\" data-id=\"572a5f8\" data-element_type=\"widget\" data-e-type=\"widget\" data-widget_type=\"heading.default\">\n\t\t\t\t\t<h2 class=\"elementor-heading-title elementor-size-default\">Our Privacy Policy<\/h2>\t\t\t\t<\/div>\n\t\t\t\t<div class=\"elementor-element elementor-element-2826366 elementor-widget elementor-widget-text-editor\" data-id=\"2826366\" data-element_type=\"widget\" data-e-type=\"widget\" data-widget_type=\"text-editor.default\">\n\t\t\t\t\t\t\t\t\t\n<p>Art der Website: E-Commerce<br \/>Datum des Inkrafttretens: 11. Juli 2023<\/p>\n\n<p>www.camper4hire.co.nz (the &#8220;Site&#8221;) is owned and operated by Nomado New Zealand Limited. Nomado New Zealand Limited is the data controller and can be contacted at:<br \/><br \/>info@nomado.co.nz<br \/>(021) 286 3535<br \/>86 Second View Avenue, Beachlands, 2018 Auckland, Neuseeland<\/p>\n\n<p><strong>Zweck<\/strong><br \/>Der Zweck dieser Datenschutzrichtlinie (diese \u201eDatenschutzrichtlinie\u201c) besteht darin, Benutzer unserer Website \u00fcber Folgendes zu informieren:<\/p>\n\n<ol class=\"wp-block-list\" start=\"1\">\n<li>Die von uns erfassten personenbezogenen Daten;<\/li>\n\n<li>Verwendung der erhobenen Daten;<\/li>\n\n<li>Wer hat Zugriff auf die erhobenen Daten?<\/li>\n\n<li>Die Rechte der Site-Benutzer; Und<\/li>\n\n<li>Die Cookie-Richtlinie der Website.<\/li>\n<\/ol>\n\n<p>Diese Datenschutzrichtlinie gilt zus\u00e4tzlich zu den Allgemeinen Gesch\u00e4ftsbedingungen unserer Website.<\/p>\n\n<p><strong>DSGVO<\/strong><br \/>F\u00fcr Nutzer in der Europ\u00e4ischen Union halten wir uns an die Verordnung (EU) 2016\/679 des Europ\u00e4ischen Parlaments und des Rates vom 27. April 2016, bekannt als Datenschutz-Grundverordnung (die \u201eDSGVO\u201c). F\u00fcr Benutzer im Vereinigten K\u00f6nigreich halten wir uns an die DSGVO, wie sie im Data Protection Act 2018 verankert ist.<br \/><br \/>Wir haben keinen Datenschutzbeauftragten ernannt, da wir nicht zu den Kategorien von Verantwortlichen und Auftragsverarbeitern geh\u00f6ren, die gem\u00e4\u00df Artikel 37 der DSGVO zur Bestellung eines Datenschutzbeauftragten verpflichtet sind.<\/p>\n\n<p><strong>Zustimmung<\/strong><br \/>Durch die Nutzung unserer Website erkl\u00e4ren sich Benutzer damit einverstanden, dass:<\/p>\n\n<ol class=\"wp-block-list\" start=\"1\">\n<li>Es gelten die in dieser Datenschutzerkl\u00e4rung dargelegten Bedingungen.<\/li>\n<\/ol>\n\n<p><strong>Rechtsgrundlage f\u00fcr die Verarbeitung<\/strong><br \/>Wir erheben und verarbeiten personenbezogene Daten von Nutzern in der EU nur, wenn wir hierf\u00fcr eine Rechtsgrundlage gem\u00e4\u00df Artikel 6 DSGVO haben.<br \/><br \/>Wir st\u00fctzen uns bei der Erhebung und Verarbeitung der personenbezogenen Daten der Nutzer in der EU auf die folgenden Rechtsgrundlagen:<\/p>\n\n<ol class=\"wp-block-list\" start=\"1\">\n<li>Die Verarbeitung der personenbezogenen Daten des Nutzers ist f\u00fcr uns erforderlich, um auf Wunsch eines Nutzers Ma\u00dfnahmen vor dem Abschluss eines Vertrags oder zur Erf\u00fcllung eines Vertrags, dessen Vertragspartei ein Nutzer ist, zu ergreifen.<br \/>\u200b<\/li>\n\n<li>Die Verarbeitung personenbezogener Daten der Nutzer ist f\u00fcr uns zur Erf\u00fcllung einer gesetzlichen Verpflichtung erforderlich.<\/li>\n<\/ol>\n\n<p><strong>Pers\u00f6nliche Daten, die wir sammeln<\/strong><br \/>Wir erheben nur Daten, die uns dabei helfen, den in dieser Datenschutzrichtlinie genannten Zweck zu erreichen. Dar\u00fcber hinausgehende Daten, die \u00fcber die unten aufgef\u00fchrten Daten hinausgehen, werden wir ohne vorherige Mitteilung an Sie nicht erheben.<br \/><br \/>Wenn Sie sich daf\u00fcr entscheiden, uns die unten aufgef\u00fchrten personenbezogenen Daten nicht zur Verf\u00fcgung zu stellen, oder wenn wir diese Daten nicht erfassen k\u00f6nnen, k\u00f6nnen wir Ihnen m\u00f6glicherweise bestimmte Dienste oder Informationen nicht zur Verf\u00fcgung stellen oder eine von Ihnen durchgef\u00fchrte Aktivit\u00e4t nicht ausf\u00fchren angefordert. \u00a0<\/p>\n\n<p>Automatisch erfasste Daten<br \/>Wenn Sie unsere Website besuchen und nutzen, erfassen und speichern wir m\u00f6glicherweise automatisch die folgenden Informationen:<\/p>\n\n<ol class=\"wp-block-list\" start=\"1\">\n<li>IP Adresse;<\/li>\n\n<li>Standort;<\/li>\n\n<li>Hardware- und Softwaredetails;<\/li>\n\n<li>Angeklickte Links; Und<\/li>\n\n<li>Inhalt angesehen.<\/li>\n<\/ol>\n\n<p>Daten, die nicht automatisch erfasst werden<br \/>Wir erfassen m\u00f6glicherweise auch die folgenden Daten, wenn Sie bestimmte Funktionen auf unserer Website ausf\u00fchren:<\/p>\n\n<ol class=\"wp-block-list\" start=\"1\">\n<li>Vor-und Nachname;<\/li>\n\n<li>Alter;<\/li>\n\n<li>Geburtsdatum;<\/li>\n\n<li>E-Mail-Addresse;<\/li>\n\n<li>Telefonnummer;<\/li>\n\n<li>Adresse; Und<\/li>\n\n<li>Zahlungsinformationen.<\/li>\n<\/ol>\n\n<p>Diese Daten k\u00f6nnen mit den folgenden Methoden erhoben werden:<\/p>\n\n<ol class=\"wp-block-list\" start=\"1\">\n<li>Eine Buchung vornehmen.<\/li>\n<\/ol>\n\n<p><strong>Wie wir personenbezogene Daten verwenden<\/strong><br \/>Die auf unserer Website erfassten Daten werden nur f\u00fcr die in dieser Datenschutzrichtlinie genannten oder auf den entsprechenden Seiten unserer Website angegebenen Zwecke verwendet. Wir werden Ihre Daten nicht \u00fcber den Umfang hinaus verwenden, den wir in dieser Datenschutzrichtlinie offenlegen.<br \/><br \/>Die von uns automatisch erfassten Daten werden f\u00fcr folgende Zwecke verwendet:<\/p>\n\n<ol class=\"wp-block-list\" start=\"1\">\n<li>Bearbeitung von Buchungsanfragen.<\/li>\n<\/ol>\n\n<p>Die von uns erfassten Daten, wenn der Nutzer bestimmte Funktionen ausf\u00fchrt, k\u00f6nnen f\u00fcr folgende Zwecke verwendet werden:<\/p>\n\n<ol class=\"wp-block-list\" start=\"1\">\n<li>Kommunikation.<\/li>\n<\/ol>\n\n<p><strong>Mit wem wir personenbezogene Daten teilen<\/strong><br \/>Mitarbeiter<br \/>Wir k\u00f6nnen Benutzerdaten an jedes Mitglied unserer Organisation weitergeben, das vern\u00fcnftigerweise Zugriff auf Benutzerdaten ben\u00f6tigt, um die in dieser Datenschutzrichtlinie dargelegten Zwecke zu erreichen.<\/p>\n\n<p>Sonstige Offenlegungen<br \/>Wir werden Ihre Daten nicht verkaufen oder an andere Dritte weitergeben, au\u00dfer in den folgenden F\u00e4llen:<\/p>\n\n<ol class=\"wp-block-list\" start=\"1\">\n<li>Wenn das Gesetz es erfordert;<\/li>\n\n<li>Wenn es f\u00fcr ein Gerichtsverfahren erforderlich ist;<\/li>\n\n<li>Um unsere gesetzlichen Rechte zu beweisen oder zu sch\u00fctzen; Und<\/li>\n\n<li>An K\u00e4ufer oder potenzielle K\u00e4ufer dieses Unternehmens f\u00fcr den Fall, dass wir das Unternehmen verkaufen m\u00f6chten.<\/li>\n<\/ol>\n\n<p>Wenn Sie Hyperlinks von unserer Website zu einer anderen Website folgen, beachten Sie bitte, dass wir nicht f\u00fcr deren Datenschutzrichtlinien und -praktiken verantwortlich sind und keine Kontrolle dar\u00fcber haben.<\/p>\n\n<p><strong>Wie lange wir personenbezogene Daten speichern<\/strong><br \/>Die Daten des Nutzers werden so lange gespeichert, bis der Zweck der Datenerhebung erf\u00fcllt ist.<br \/><br \/>Sollten Ihre Daten l\u00e4nger als diesen Zeitraum gespeichert bleiben, werden Sie benachrichtigt.<\/p>\n\n<p><strong>So sch\u00fctzen wir Ihre personenbezogenen Daten<\/strong><br \/>Um Ihre Sicherheit zu sch\u00fctzen, verwenden wir die st\u00e4rkste verf\u00fcgbare Browserverschl\u00fcsselung und speichern alle unsere Daten auf Servern in sicheren Einrichtungen. S\u00e4mtliche Daten sind ausschlie\u00dflich unseren Mitarbeitern zug\u00e4nglich. Unsere Mitarbeiter sind an strenge Vertraulichkeitsvereinbarungen gebunden und ein Versto\u00df gegen diese Vereinbarung h\u00e4tte die K\u00fcndigung des Mitarbeiters zur Folge.<br \/><br \/>Obwohl wir alle angemessenen Vorkehrungen treffen, um die Sicherheit der Benutzerdaten und den Schutz der Benutzer zu gew\u00e4hrleisten, besteht immer das Risiko eines Schadens. Das Internet als Ganzes kann zeitweise unsicher sein und daher k\u00f6nnen wir die Sicherheit der Benutzerdaten nicht \u00fcber das vern\u00fcnftigerweise praktikable Ma\u00df hinaus garantieren.<\/p>\n\n<p><strong>Ihre Rechte als Benutzer<\/strong><br \/>Nach der DSGVO haben Sie folgende Rechte:<\/p>\n\n<ol class=\"wp-block-list\" start=\"1\">\n<li>Recht auf Information;<\/li>\n\n<li>Zugangsrecht;<\/li>\n\n<li>Recht auf Berichtigung;<\/li>\n\n<li>Recht auf L\u00f6schung;<\/li>\n\n<li>Recht auf Einschr\u00e4nkung der Verarbeitung;<\/li>\n\n<li>Recht auf Daten\u00fcbertragbarkeit; Und<\/li>\n\n<li>Widerspruchsrecht.<\/li>\n<\/ol>\n\n<p><strong>Kinder<\/strong><br \/>Wir erheben oder verwenden wissentlich keine personenbezogenen Daten von Kindern unter 16 Jahren. Wenn wir erfahren, dass wir personenbezogene Daten von einem Kind unter 16 Jahren erhoben haben, werden die personenbezogenen Daten schnellstm\u00f6glich gel\u00f6scht. Wenn ein Kind unter 16 Jahren uns personenbezogene Daten zur Verf\u00fcgung gestellt hat, k\u00f6nnen sich seine Eltern oder Erziehungsberechtigten an unseren Datenschutzbeauftragten wenden.<\/p>\n\n<p><strong>Wie Sie auf die erfassten Daten zugreifen, sie \u00e4ndern, l\u00f6schen oder anfechten k\u00f6nnen<\/strong><br \/>Wenn Sie wissen m\u00f6chten, ob wir Ihre personenbezogenen Daten erfasst haben, wie wir Ihre personenbezogenen Daten verwendet haben, ob wir Ihre personenbezogenen Daten weitergegeben haben und an wen wir Ihre personenbezogenen Daten weitergegeben haben, ob Sie m\u00f6chten, dass Ihre Daten gel\u00f6scht oder ge\u00e4ndert werden Wie auch immer, oder wenn Sie eines Ihrer anderen Rechte gem\u00e4\u00df der DSGVO aus\u00fcben m\u00f6chten, wenden Sie sich bitte hier an unseren Datenschutzbeauftragten:<br \/><br \/>Jana Silva<\/p>\n\n<p>Nomado New Zealand Limited<\/p>\n\n<p>info@nomado.co.nz<\/p>\n\n<p><strong>Hinweis \u201eDo Not Track\u201c.<\/strong><br \/>\u201eDo Not Track\u201c (\u201eDNT\u201c) ist eine Datenschutzeinstellung, die Sie in bestimmten Webbrowsern festlegen k\u00f6nnen. Wir verfolgen die Benutzer unserer Website nicht im Laufe der Zeit und \u00fcber Websites Dritter hinweg und reagieren daher nicht auf vom Browser initiierte DNT-Signale.<\/p>\n\n<p><strong>Cookie-Richtlinie<\/strong><br \/>Ein Cookie ist eine kleine Datei, die von einer Website auf der Festplatte eines Benutzers gespeichert wird. Sein Zweck besteht darin, Daten \u00fcber die Surfgewohnheiten des Benutzers zu sammeln. Sie k\u00f6nnen festlegen, dass Sie bei jeder \u00dcbertragung eines Cookies benachrichtigt werden m\u00f6chten. Sie k\u00f6nnen Cookies in Ihrem Internetbrowser auch vollst\u00e4ndig deaktivieren, dies kann jedoch die Qualit\u00e4t Ihres Benutzererlebnisses beeintr\u00e4chtigen.<\/p>\n\n<p>Wir verwenden auf unserer Website die folgenden Arten von Cookies:<\/p>\n\n<ol class=\"wp-block-list\" start=\"1\">\n<li>Funktionelle Cookies<br \/>Funktionale Cookies werden verwendet, um sich die von Ihnen auf unserer Website getroffenen Auswahlen zu merken, sodass Ihre Auswahl f\u00fcr Ihre n\u00e4chsten Besuche gespeichert wird;<\/li>\n\n<li>Analytische Cookies<br \/>Mithilfe analytischer Cookies k\u00f6nnen wir das Design und die Funktionalit\u00e4t unserer Website verbessern, indem wir Daten dar\u00fcber sammeln, wie Sie auf unsere Website zugreifen, beispielsweise Daten \u00fcber die Inhalte, auf die Sie zugreifen, wie lange Sie auf unserer Website bleiben usw.;<\/li>\n\n<li>Targeting-Cookies<br \/>Targeting-Cookies sammeln Daten dar\u00fcber, wie Sie die Website nutzen und welche Pr\u00e4ferenzen Sie haben. Dadurch k\u00f6nnen wir die Informationen, die Sie auf unserer Website sehen, f\u00fcr Sie personalisieren. Und<\/li>\n\n<li>Cookies von Drittanbietern<br \/>Cookies von Drittanbietern werden von einer anderen Website als unserer erstellt. Wir k\u00f6nnen Cookies von Drittanbietern verwenden, um die folgenden Zwecke zu erreichen:\n<ol class=\"wp-block-list\" start=\"1\">\n<li>\u00dcberwachen Sie Benutzerpr\u00e4ferenzen, um Werbung auf ihre Interessen abzustimmen.<\/li>\n<\/ol>\n<\/li>\n<\/ol>\n\n<p><strong>\u00c4nderungen<\/strong><br \/>Diese Datenschutzrichtlinie kann von Zeit zu Zeit ge\u00e4ndert werden, um die Einhaltung der Gesetze zu gew\u00e4hrleisten und etwaige \u00c4nderungen an unserem Datenerfassungsprozess widerzuspiegeln. Wenn wir diese Datenschutzrichtlinie \u00e4ndern, aktualisieren wir das \u201eDatum des Inkrafttretens\u201c oben in dieser Datenschutzrichtlinie. Wir empfehlen unseren Benutzern, unsere Datenschutzrichtlinie regelm\u00e4\u00dfig zu \u00fcberpr\u00fcfen, um sicherzustellen, dass sie \u00fcber Aktualisierungen informiert werden. Bei Bedarf benachrichtigen wir Benutzer per E-Mail \u00fcber \u00c4nderungen dieser Datenschutzrichtlinie.<\/p>\n\n<p><strong>Beschwerden<\/strong><br \/>Wenn Sie Beschwerden dar\u00fcber haben, wie wir Ihre personenbezogenen Daten verarbeiten, kontaktieren Sie uns bitte \u00fcber die im Abschnitt aufgef\u00fchrten Kontaktm\u00f6glichkeiten\u00a0<em>Kontaktinformationen<\/em>\u00a0Abschnitt, damit wir das Problem nach M\u00f6glichkeit beheben k\u00f6nnen. Wenn Sie der Meinung sind, dass wir Ihr Anliegen nicht zufriedenstellend beantwortet haben, k\u00f6nnen Sie sich an eine Aufsichtsbeh\u00f6rde wenden. Sie haben au\u00dferdem das Recht, sich direkt bei einer Aufsichtsbeh\u00f6rde zu beschweren. Eine Beschwerde bei einer Aufsichtsbeh\u00f6rde k\u00f6nnen Sie unter _____________________________________________________________________________ einreichen.<\/p>\n\n<p><strong>Kontaktinformationen<\/strong><br \/>If you have any questions, concerns or complaints, you can contact our privacy officer, Jana Silva, at:<\/p>\n\n<p>Nomado New Zealand Limited<\/p>\n\n<p>info@nomado.co.nz<\/p>\n\t\t\t\t\t\t\t\t<\/div>\n\t\t\t\t\t<\/div>\n\t\t<\/div>\n\t\t\t\t\t<\/div>\n\t\t<\/section>\n\t\t\t\t<\/div>","protected":false},"excerpt":{"rendered":"<p>Our Privacy Policy Type of website: EcommerceEffective date: 11th day of July, 2023 www.camper4hire.co.nz (the &#8220;Site&#8221;) is owned and operated by Nomado New Zealand Limited. Nomado New Zealand Limited is the data controller and can be contacted at: info@nomado.co.nz(021) 286 353586 Second View Avenue, Beachlands, 2018 Auckland, New Zealand PurposeThe purpose of this privacy policy [&hellip;]<\/p>","protected":false},"author":1,"featured_media":0,"parent":0,"menu_order":13,"comment_status":"closed","ping_status":"closed","template":"elementor_header_footer","meta":{"_monsterinsights_skip_tracking":false,"_monsterinsights_sitenote_active":false,"_monsterinsights_sitenote_note":"","_monsterinsights_sitenote_category":0,"footnotes":""},"class_list":["post-3309","page","type-page","status-publish","hentry"],"yoast_head":"<!-- This site is optimized with the Yoast SEO plugin v26.3 - https:\/\/yoast.com\/wordpress\/plugins\/seo\/ -->\n<title>Privacy Policy - Nomado - Auckland Campervan Rental<\/title>\n<meta name=\"robots\" content=\"index, follow, max-snippet:-1, max-image-preview:large, max-video-preview:-1\" \/>\n<link rel=\"canonical\" href=\"https:\/\/camper4hire.co.nz\/de\/datenschutzerklarung\/\" \/>\n<meta property=\"og:locale\" content=\"de_DE\" \/>\n<meta property=\"og:type\" content=\"article\" \/>\n<meta property=\"og:title\" content=\"Privacy Policy - Nomado - Auckland Campervan Rental\" \/>\n<meta property=\"og:description\" content=\"Our Privacy Policy Type of website: EcommerceEffective date: 11th day of July, 2023 www.camper4hire.co.nz (the &#8220;Site&#8221;) is owned and operated by Nomado New Zealand Limited. Nomado New Zealand Limited is the data controller and can be contacted at: info@nomado.co.nz(021) 286 353586 Second View Avenue, Beachlands, 2018 Auckland, New Zealand PurposeThe purpose of this privacy policy [&hellip;]\" \/>\n<meta property=\"og:url\" content=\"https:\/\/camper4hire.co.nz\/de\/datenschutzerklarung\/\" \/>\n<meta property=\"og:site_name\" content=\"Nomado - Auckland Campervan Rental\" \/>\n<meta property=\"article:publisher\" content=\"https:\/\/www.facebook.com\/camper4hirenz\/\" \/>\n<meta property=\"article:modified_time\" content=\"2025-03-07T07:11:31+00:00\" \/>\n<meta property=\"og:image\" content=\"https:\/\/camper4hire.co.nz\/wp-content\/uploads\/2023\/06\/Carly_006.jpg\" \/>\n\t<meta property=\"og:image:width\" content=\"1200\" \/>\n\t<meta property=\"og:image:height\" content=\"900\" \/>\n\t<meta property=\"og:image:type\" content=\"image\/webp\" \/>\n<meta name=\"twitter:card\" content=\"summary_large_image\" \/>\n<meta name=\"twitter:label1\" content=\"Gesch\u00e4tzte Lesezeit\" \/>\n\t<meta name=\"twitter:data1\" content=\"7\u00a0Minuten\" \/>\n<script type=\"application\/ld+json\" class=\"yoast-schema-graph\">{\"@context\":\"https:\/\/schema.org\",\"@graph\":[{\"@type\":\"WebPage\",\"@id\":\"https:\/\/camper4hire.co.nz\/de\/datenschutzerklarung\/\",\"url\":\"https:\/\/camper4hire.co.nz\/de\/datenschutzerklarung\/\",\"name\":\"Privacy Policy - Nomado - Auckland Campervan Rental\",\"isPartOf\":{\"@id\":\"https:\/\/camper4hire.co.nz\/#website\"},\"datePublished\":\"2023-04-05T15:52:04+00:00\",\"dateModified\":\"2025-03-07T07:11:31+00:00\",\"breadcrumb\":{\"@id\":\"https:\/\/camper4hire.co.nz\/de\/datenschutzerklarung\/#breadcrumb\"},\"inLanguage\":\"de\",\"potentialAction\":[{\"@type\":\"ReadAction\",\"target\":[\"https:\/\/camper4hire.co.nz\/de\/datenschutzerklarung\/\"]}]},{\"@type\":\"BreadcrumbList\",\"@id\":\"https:\/\/camper4hire.co.nz\/de\/datenschutzerklarung\/#breadcrumb\",\"itemListElement\":[{\"@type\":\"ListItem\",\"position\":1,\"name\":\"Home\",\"item\":\"https:\/\/camper4hire.co.nz\/\"},{\"@type\":\"ListItem\",\"position\":2,\"name\":\"Privacy Policy\"}]},{\"@type\":\"WebSite\",\"@id\":\"https:\/\/camper4hire.co.nz\/#website\",\"url\":\"https:\/\/camper4hire.co.nz\/\",\"name\":\"Camper4Hire\",\"description\":\"\",\"publisher\":{\"@id\":\"https:\/\/camper4hire.co.nz\/#organization\"},\"potentialAction\":[{\"@type\":\"SearchAction\",\"target\":{\"@type\":\"EntryPoint\",\"urlTemplate\":\"https:\/\/camper4hire.co.nz\/?s={search_term_string}\"},\"query-input\":{\"@type\":\"PropertyValueSpecification\",\"valueRequired\":true,\"valueName\":\"search_term_string\"}}],\"inLanguage\":\"de\"},{\"@type\":\"Organization\",\"@id\":\"https:\/\/camper4hire.co.nz\/#organization\",\"name\":\"Camper4Hire\",\"url\":\"https:\/\/camper4hire.co.nz\/\",\"logo\":{\"@type\":\"ImageObject\",\"inLanguage\":\"de\",\"@id\":\"https:\/\/camper4hire.co.nz\/#\/schema\/logo\/image\/\",\"url\":\"https:\/\/camper4hire.co.nz\/wp-content\/uploads\/2024\/05\/Transparent-Background-2.png\",\"contentUrl\":\"https:\/\/camper4hire.co.nz\/wp-content\/uploads\/2024\/05\/Transparent-Background-2.png\",\"width\":500,\"height\":500,\"caption\":\"Camper4Hire\"},\"image\":{\"@id\":\"https:\/\/camper4hire.co.nz\/#\/schema\/logo\/image\/\"},\"sameAs\":[\"https:\/\/www.facebook.com\/camper4hirenz\/\",\"https:\/\/www.instagram.com\/camper4hire\"]}]}<\/script>\n<!-- \/ Yoast SEO plugin. -->","yoast_head_json":{"title":"Privacy Policy - Nomado - Auckland Campervan Rental","robots":{"index":"index","follow":"follow","max-snippet":"max-snippet:-1","max-image-preview":"max-image-preview:large","max-video-preview":"max-video-preview:-1"},"canonical":"https:\/\/camper4hire.co.nz\/de\/datenschutzerklarung\/","og_locale":"de_DE","og_type":"article","og_title":"Privacy Policy - Nomado - Auckland Campervan Rental","og_description":"Our Privacy Policy Type of website: EcommerceEffective date: 11th day of July, 2023 www.camper4hire.co.nz (the &#8220;Site&#8221;) is owned and operated by Nomado New Zealand Limited. Nomado New Zealand Limited is the data controller and can be contacted at: info@nomado.co.nz(021) 286 353586 Second View Avenue, Beachlands, 2018 Auckland, New Zealand PurposeThe purpose of this privacy policy [&hellip;]","og_url":"https:\/\/camper4hire.co.nz\/de\/datenschutzerklarung\/","og_site_name":"Nomado - Auckland Campervan Rental","article_publisher":"https:\/\/www.facebook.com\/camper4hirenz\/","article_modified_time":"2025-03-07T07:11:31+00:00","og_image":[{"width":1200,"height":900,"url":"https:\/\/camper4hire.co.nz\/wp-content\/uploads\/2023\/06\/Carly_006.jpg","type":"image\/webp"}],"twitter_card":"summary_large_image","twitter_misc":{"Gesch\u00e4tzte Lesezeit":"7\u00a0Minuten"},"schema":{"@context":"https:\/\/schema.org","@graph":[{"@type":"WebPage","@id":"https:\/\/camper4hire.co.nz\/de\/datenschutzerklarung\/","url":"https:\/\/camper4hire.co.nz\/de\/datenschutzerklarung\/","name":"Privacy Policy - Nomado - Auckland Campervan Rental","isPartOf":{"@id":"https:\/\/camper4hire.co.nz\/#website"},"datePublished":"2023-04-05T15:52:04+00:00","dateModified":"2025-03-07T07:11:31+00:00","breadcrumb":{"@id":"https:\/\/camper4hire.co.nz\/de\/datenschutzerklarung\/#breadcrumb"},"inLanguage":"de","potentialAction":[{"@type":"ReadAction","target":["https:\/\/camper4hire.co.nz\/de\/datenschutzerklarung\/"]}]},{"@type":"BreadcrumbList","@id":"https:\/\/camper4hire.co.nz\/de\/datenschutzerklarung\/#breadcrumb","itemListElement":[{"@type":"ListItem","position":1,"name":"Home","item":"https:\/\/camper4hire.co.nz\/"},{"@type":"ListItem","position":2,"name":"Privacy Policy"}]},{"@type":"WebSite","@id":"https:\/\/camper4hire.co.nz\/#website","url":"https:\/\/camper4hire.co.nz\/","name":"Camper4Hire - Wohnmobilvermietung Neuseeland","description":"","publisher":{"@id":"https:\/\/camper4hire.co.nz\/#organization"},"potentialAction":[{"@type":"SearchAction","target":{"@type":"EntryPoint","urlTemplate":"https:\/\/camper4hire.co.nz\/?s={search_term_string}"},"query-input":{"@type":"PropertyValueSpecification","valueRequired":true,"valueName":"search_term_string"}}],"inLanguage":"de"},{"@type":"Organization","@id":"https:\/\/camper4hire.co.nz\/#organization","name":"Camper4Hire - Wohnmobilvermietung Neuseeland","url":"https:\/\/camper4hire.co.nz\/","logo":{"@type":"ImageObject","inLanguage":"de","@id":"https:\/\/camper4hire.co.nz\/#\/schema\/logo\/image\/","url":"https:\/\/camper4hire.co.nz\/wp-content\/uploads\/2024\/05\/Transparent-Background-2.png","contentUrl":"https:\/\/camper4hire.co.nz\/wp-content\/uploads\/2024\/05\/Transparent-Background-2.png","width":500,"height":500,"caption":"Camper4Hire"},"image":{"@id":"https:\/\/camper4hire.co.nz\/#\/schema\/logo\/image\/"},"sameAs":["https:\/\/www.facebook.com\/camper4hirenz\/","https:\/\/www.instagram.com\/camper4hire"]}]}},"_links":{"self":[{"href":"https:\/\/camper4hire.co.nz\/de\/wp-json\/wp\/v2\/pages\/3309","targetHints":{"allow":["GET"]}}],"collection":[{"href":"https:\/\/camper4hire.co.nz\/de\/wp-json\/wp\/v2\/pages"}],"about":[{"href":"https:\/\/camper4hire.co.nz\/de\/wp-json\/wp\/v2\/types\/page"}],"author":[{"embeddable":true,"href":"https:\/\/camper4hire.co.nz\/de\/wp-json\/wp\/v2\/users\/1"}],"replies":[{"embeddable":true,"href":"https:\/\/camper4hire.co.nz\/de\/wp-json\/wp\/v2\/comments?post=3309"}],"version-history":[{"count":3,"href":"https:\/\/camper4hire.co.nz\/de\/wp-json\/wp\/v2\/pages\/3309\/revisions"}],"predecessor-version":[{"id":7544,"href":"https:\/\/camper4hire.co.nz\/de\/wp-json\/wp\/v2\/pages\/3309\/revisions\/7544"}],"wp:attachment":[{"href":"https:\/\/camper4hire.co.nz\/de\/wp-json\/wp\/v2\/media?parent=3309"}],"curies":[{"name":"wp","href":"https:\/\/api.w.org\/{rel}","templated":true}]}}