{"id":4880,"date":"2023-07-25T22:17:29","date_gmt":"2023-07-25T22:17:29","guid":{"rendered":"https:\/\/camper4hire.co.nz\/?page_id=4880"},"modified":"2024-05-12T04:02:13","modified_gmt":"2024-05-12T04:02:13","slug":"danke-fuer-deine-buchung","status":"publish","type":"page","link":"https:\/\/camper4hire.co.nz\/de\/danke-fuer-deine-buchung\/","title":{"rendered":"Thank you for your Booking"},"content":{"rendered":"<div data-elementor-type=\"wp-page\" data-elementor-id=\"4880\" class=\"elementor elementor-4880\" data-elementor-settings=\"{&quot;ha_cmc_init_switcher&quot;:&quot;no&quot;}\" data-elementor-post-type=\"page\">\n\t\t\t\t\t\t<section class=\"elementor-section elementor-top-section elementor-element elementor-element-99ea9fc elementor-section-boxed elementor-section-height-default elementor-section-height-default\" data-id=\"99ea9fc\" data-element_type=\"section\" data-settings=\"{&quot;background_background&quot;:&quot;classic&quot;,&quot;_ha_eqh_enable&quot;:false}\">\n\t\t\t\t\t\t\t<div class=\"elementor-background-overlay\"><\/div>\n\t\t\t\t\t\t\t<div class=\"elementor-container elementor-column-gap-no\">\n\t\t\t\t\t<div class=\"elementor-column elementor-col-100 elementor-top-column elementor-element elementor-element-20b539c\" data-id=\"20b539c\" data-element_type=\"column\">\n\t\t\t<div class=\"elementor-widget-wrap elementor-element-populated\">\n\t\t\t\t\t\t<div class=\"elementor-element elementor-element-b1c583f elementor-widget elementor-widget-heading\" data-id=\"b1c583f\" data-element_type=\"widget\" data-widget_type=\"heading.default\">\n\t\t\t\t\t<h2 class=\"elementor-heading-title elementor-size-default\">Vielen Dank f\u00fcr deine Buchung!<\/h2>\t\t\t\t<\/div>\n\t\t\t\t<div class=\"elementor-element elementor-element-7174fe2 elementor-widget elementor-widget-heading\" data-id=\"7174fe2\" data-element_type=\"widget\" data-widget_type=\"heading.default\">\n\t\t\t\t\t<h1 class=\"elementor-heading-title elementor-size-default\">Juhuu, es geht auf in den Urlaub!<\/h1>\t\t\t\t<\/div>\n\t\t\t\t<div class=\"elementor-element elementor-element-fda53e0 elementor-widget elementor-widget-text-editor\" data-id=\"fda53e0\" data-element_type=\"widget\" data-widget_type=\"text-editor.default\">\n\t\t\t\t\t\t\t\t\t<p>Vielen lieben Dank f\u00fcr deine Buchung, wir freuen uns sehr darauf, dich bald kennezulernen. Du solltest in K\u00fcrze eine Buchungsbest\u00e4tigung bekommen und wir schicken dir die Einzelheiten zur Abholung 7 Tage vor dem Start der Buchung. Falls du in der Zwischenzeit irgendwelche Fragen hast, melde dich gern unter  (+64) 021810509 auch per Whatsapp oder schick uns eine Email an adventures@camper4hire.co.nz.<\/p><p><strong>Danke Jana und Pedro<\/strong><\/p>\t\t\t\t\t\t\t\t<\/div>\n\t\t\t\t<div class=\"elementor-element elementor-element-f855cd5 elementor-widget elementor-widget-heading\" data-id=\"f855cd5\" data-element_type=\"widget\" data-widget_type=\"heading.default\">\n\t\t\t\t\t<h2 class=\"elementor-heading-title elementor-size-default\">Folge uns gern auch \u00fcber diese Kan\u00e4le:<\/h2>\t\t\t\t<\/div>\n\t\t\t\t<div class=\"elementor-element elementor-element-bf85f7b elementor-shape-circle elementor-grid-0 e-grid-align-center elementor-widget elementor-widget-global elementor-global-3951 elementor-widget-social-icons\" data-id=\"bf85f7b\" data-element_type=\"widget\" data-widget_type=\"social-icons.default\">\n\t\t\t\t\t\t\t<div class=\"elementor-social-icons-wrapper elementor-grid\" role=\"list\">\n\t\t\t\t\t\t\t<span class=\"elementor-grid-item\" role=\"listitem\">\n\t\t\t\t\t<a class=\"elementor-icon elementor-social-icon elementor-social-icon-facebook elementor-repeater-item-3e77bb9\" href=\"https:\/\/www.facebook.com\/camper4hirenz\" target=\"_blank\">\n\t\t\t\t\t\t<span class=\"elementor-screen-only\">Facebook<\/span>\n\t\t\t\t\t\t<svg aria-hidden=\"true\" class=\"e-font-icon-svg e-fab-facebook\" viewbox=\"0 0 512 512\" xmlns=\"http:\/\/www.w3.org\/2000\/svg\"><path d=\"M504 256C504 119 393 8 256 8S8 119 8 256c0 123.78 90.69 226.38 209.25 245V327.69h-63V256h63v-54.64c0-62.15 37-96.48 93.67-96.48 27.14 0 55.52 4.84 55.52 4.84v61h-31.28c-30.8 0-40.41 19.12-40.41 38.73V256h68.78l-11 71.69h-57.78V501C413.31 482.38 504 379.78 504 256z\"><\/path><\/svg>\t\t\t\t\t<\/a>\n\t\t\t\t<\/span>\n\t\t\t\t\t\t\t<span class=\"elementor-grid-item\" role=\"listitem\">\n\t\t\t\t\t<a class=\"elementor-icon elementor-social-icon elementor-social-icon-youtube elementor-repeater-item-e368072\" href=\"https:\/\/www.youtube.com\/@camper4hire217\/playlists\" target=\"_blank\">\n\t\t\t\t\t\t<span class=\"elementor-screen-only\">Youtube<\/span>\n\t\t\t\t\t\t<svg aria-hidden=\"true\" class=\"e-font-icon-svg e-fab-youtube\" viewbox=\"0 0 576 512\" xmlns=\"http:\/\/www.w3.org\/2000\/svg\"><path d=\"M549.655 124.083c-6.281-23.65-24.787-42.276-48.284-48.597C458.781 64 288 64 288 64S117.22 64 74.629 75.486c-23.497 6.322-42.003 24.947-48.284 48.597-11.412 42.867-11.412 132.305-11.412 132.305s0 89.438 11.412 132.305c6.281 23.65 24.787 41.5 48.284 47.821C117.22 448 288 448 288 448s170.78 0 213.371-11.486c23.497-6.321 42.003-24.171 48.284-47.821 11.412-42.867 11.412-132.305 11.412-132.305s0-89.438-11.412-132.305zm-317.51 213.508V175.185l142.739 81.205-142.739 81.201z\"><\/path><\/svg>\t\t\t\t\t<\/a>\n\t\t\t\t<\/span>\n\t\t\t\t\t\t\t<span class=\"elementor-grid-item\" role=\"listitem\">\n\t\t\t\t\t<a class=\"elementor-icon elementor-social-icon elementor-social-icon-instagram elementor-repeater-item-d5c6ae4\" href=\"https:\/\/www.instagram.com\/camper4hire\/\" target=\"_blank\">\n\t\t\t\t\t\t<span class=\"elementor-screen-only\">Instagram<\/span>\n\t\t\t\t\t\t<svg aria-hidden=\"true\" class=\"e-font-icon-svg e-fab-instagram\" viewbox=\"0 0 448 512\" xmlns=\"http:\/\/www.w3.org\/2000\/svg\"><path d=\"M224.1 141c-63.6 0-114.9 51.3-114.9 114.9s51.3 114.9 114.9 114.9S339 319.5 339 255.9 287.7 141 224.1 141zm0 189.6c-41.1 0-74.7-33.5-74.7-74.7s33.5-74.7 74.7-74.7 74.7 33.5 74.7 74.7-33.6 74.7-74.7 74.7zm146.4-194.3c0 14.9-12 26.8-26.8 26.8-14.9 0-26.8-12-26.8-26.8s12-26.8 26.8-26.8 26.8 12 26.8 26.8zm76.1 27.2c-1.7-35.9-9.9-67.7-36.2-93.9-26.2-26.2-58-34.4-93.9-36.2-37-2.1-147.9-2.1-184.9 0-35.8 1.7-67.6 9.9-93.9 36.1s-34.4 58-36.2 93.9c-2.1 37-2.1 147.9 0 184.9 1.7 35.9 9.9 67.7 36.2 93.9s58 34.4 93.9 36.2c37 2.1 147.9 2.1 184.9 0 35.9-1.7 67.7-9.9 93.9-36.2 26.2-26.2 34.4-58 36.2-93.9 2.1-37 2.1-147.8 0-184.8zM398.8 388c-7.8 19.6-22.9 34.7-42.6 42.6-29.5 11.7-99.5 9-132.1 9s-102.7 2.6-132.1-9c-19.6-7.8-34.7-22.9-42.6-42.6-11.7-29.5-9-99.5-9-132.1s-2.6-102.7 9-132.1c7.8-19.6 22.9-34.7 42.6-42.6 29.5-11.7 99.5-9 132.1-9s102.7-2.6 132.1 9c19.6 7.8 34.7 22.9 42.6 42.6 11.7 29.5 9 99.5 9 132.1s2.7 102.7-9 132.1z\"><\/path><\/svg>\t\t\t\t\t<\/a>\n\t\t\t\t<\/span>\n\t\t\t\t\t<\/div>\n\t\t\t\t\t\t<\/div>\n\t\t\t\t<div class=\"elementor-element elementor-element-6365e2f elementor-align-center elementor-widget elementor-widget-button\" data-id=\"6365e2f\" data-element_type=\"widget\" data-widget_type=\"button.default\">\n\t\t\t\t\t\t\t\t\t\t<a class=\"elementor-button elementor-button-link elementor-size-sm\" href=\"https:\/\/camper4hire.co.nz\/de\/\">\n\t\t\t\t\t\t<span class=\"elementor-button-content-wrapper\">\n\t\t\t\t\t\t\t\t\t<span class=\"elementor-button-text\">Zur\u00fcck zur Startseite<\/span>\n\t\t\t\t\t<\/span>\n\t\t\t\t\t<\/a>\n\t\t\t\t\t\t\t\t<\/div>\n\t\t\t\t<div class=\"elementor-element elementor-element-b5727ab elementor-widget elementor-widget-shortcode\" data-id=\"b5727ab\" data-element_type=\"widget\" data-widget_type=\"shortcode.default\">\n\t\t\t\t\t\t\t<div class=\"elementor-shortcode\"><center>[TRFW_ORDER_DETAILS]<\/center><\/div>\n\t\t\t\t\t\t<\/div>\n\t\t\t\t\t<\/div>\n\t\t<\/div>\n\t\t\t\t\t<\/div>\n\t\t<\/section>\n\t\t\t\t<section class=\"elementor-section elementor-top-section elementor-element elementor-element-2ee9db6 elementor-section-boxed elementor-section-height-default elementor-section-height-default\" data-id=\"2ee9db6\" data-element_type=\"section\" data-settings=\"{&quot;_ha_eqh_enable&quot;:false}\">\n\t\t\t\t\t\t<div class=\"elementor-container elementor-column-gap-default\">\n\t\t\t\t\t<div class=\"elementor-column elementor-col-100 elementor-top-column elementor-element elementor-element-ae02b15\" data-id=\"ae02b15\" data-element_type=\"column\">\n\t\t\t<div class=\"elementor-widget-wrap\">\n\t\t\t\t\t\t\t<\/div>\n\t\t<\/div>\n\t\t\t\t\t<\/div>\n\t\t<\/section>\n\t\t\t\t<\/div>","protected":false},"excerpt":{"rendered":"<p>Thanks for your booking Whooo, you are going on a holiday! Thank you for your booking, we are super excited to meet you soon. You will receive a booking confirmation shortly and we will send through pickup details 7 days prior to your booking start. If you have any questions in the meantime, feel free [&hellip;]<\/p>","protected":false},"author":1,"featured_media":0,"parent":0,"menu_order":14,"comment_status":"closed","ping_status":"closed","template":"elementor_header_footer","meta":{"_monsterinsights_skip_tracking":false,"_monsterinsights_sitenote_active":false,"_monsterinsights_sitenote_note":"","_monsterinsights_sitenote_category":0,"footnotes":""},"class_list":["post-4880","page","type-page","status-publish","hentry"],"yoast_head":"<!-- This site is optimized with the Yoast SEO plugin v26.3 - https:\/\/yoast.com\/wordpress\/plugins\/seo\/ -->\n<title>Thank you for your Booking - Nomado - Auckland Campervan Rental<\/title>\n<meta name=\"robots\" content=\"index, follow, max-snippet:-1, max-image-preview:large, max-video-preview:-1\" \/>\n<link rel=\"canonical\" href=\"https:\/\/camper4hire.co.nz\/de\/danke-fuer-deine-buchung\/\" \/>\n<meta property=\"og:locale\" content=\"de_DE\" \/>\n<meta property=\"og:type\" content=\"article\" \/>\n<meta property=\"og:title\" content=\"Thank you for your Booking - Nomado - Auckland Campervan Rental\" \/>\n<meta property=\"og:description\" content=\"Thanks for your booking Whooo, you are going on a holiday! Thank you for your booking, we are super excited to meet you soon. You will receive a booking confirmation shortly and we will send through pickup details 7 days prior to your booking start. If you have any questions in the meantime, feel free [&hellip;]\" \/>\n<meta property=\"og:url\" content=\"https:\/\/camper4hire.co.nz\/de\/danke-fuer-deine-buchung\/\" \/>\n<meta property=\"og:site_name\" content=\"Nomado - Auckland Campervan Rental\" \/>\n<meta property=\"article:publisher\" content=\"https:\/\/www.facebook.com\/camper4hirenz\/\" \/>\n<meta property=\"article:modified_time\" content=\"2024-05-12T04:02:13+00:00\" \/>\n<meta property=\"og:image\" content=\"https:\/\/camper4hire.co.nz\/wp-content\/uploads\/2023\/06\/Carly_006.jpg\" \/>\n\t<meta property=\"og:image:width\" content=\"1200\" \/>\n\t<meta property=\"og:image:height\" content=\"900\" \/>\n\t<meta property=\"og:image:type\" content=\"image\/webp\" \/>\n<meta name=\"twitter:card\" content=\"summary_large_image\" \/>\n<meta name=\"twitter:label1\" content=\"Gesch\u00e4tzte Lesezeit\" \/>\n\t<meta name=\"twitter:data1\" content=\"1\u00a0Minute\" \/>\n<script type=\"application\/ld+json\" class=\"yoast-schema-graph\">{\"@context\":\"https:\/\/schema.org\",\"@graph\":[{\"@type\":\"WebPage\",\"@id\":\"https:\/\/camper4hire.co.nz\/de\/danke-fuer-deine-buchung\/\",\"url\":\"https:\/\/camper4hire.co.nz\/de\/danke-fuer-deine-buchung\/\",\"name\":\"Thank you for your Booking - Nomado - Auckland Campervan Rental\",\"isPartOf\":{\"@id\":\"https:\/\/camper4hire.co.nz\/#website\"},\"datePublished\":\"2023-07-25T22:17:29+00:00\",\"dateModified\":\"2024-05-12T04:02:13+00:00\",\"breadcrumb\":{\"@id\":\"https:\/\/camper4hire.co.nz\/de\/danke-fuer-deine-buchung\/#breadcrumb\"},\"inLanguage\":\"de\",\"potentialAction\":[{\"@type\":\"ReadAction\",\"target\":[\"https:\/\/camper4hire.co.nz\/de\/danke-fuer-deine-buchung\/\"]}]},{\"@type\":\"BreadcrumbList\",\"@id\":\"https:\/\/camper4hire.co.nz\/de\/danke-fuer-deine-buchung\/#breadcrumb\",\"itemListElement\":[{\"@type\":\"ListItem\",\"position\":1,\"name\":\"Home\",\"item\":\"https:\/\/camper4hire.co.nz\/\"},{\"@type\":\"ListItem\",\"position\":2,\"name\":\"Thank you for your Booking\"}]},{\"@type\":\"WebSite\",\"@id\":\"https:\/\/camper4hire.co.nz\/#website\",\"url\":\"https:\/\/camper4hire.co.nz\/\",\"name\":\"Camper4Hire\",\"description\":\"\",\"publisher\":{\"@id\":\"https:\/\/camper4hire.co.nz\/#organization\"},\"potentialAction\":[{\"@type\":\"SearchAction\",\"target\":{\"@type\":\"EntryPoint\",\"urlTemplate\":\"https:\/\/camper4hire.co.nz\/?s={search_term_string}\"},\"query-input\":{\"@type\":\"PropertyValueSpecification\",\"valueRequired\":true,\"valueName\":\"search_term_string\"}}],\"inLanguage\":\"de\"},{\"@type\":\"Organization\",\"@id\":\"https:\/\/camper4hire.co.nz\/#organization\",\"name\":\"Camper4Hire\",\"url\":\"https:\/\/camper4hire.co.nz\/\",\"logo\":{\"@type\":\"ImageObject\",\"inLanguage\":\"de\",\"@id\":\"https:\/\/camper4hire.co.nz\/#\/schema\/logo\/image\/\",\"url\":\"https:\/\/camper4hire.co.nz\/wp-content\/uploads\/2024\/05\/Transparent-Background-2.png\",\"contentUrl\":\"https:\/\/camper4hire.co.nz\/wp-content\/uploads\/2024\/05\/Transparent-Background-2.png\",\"width\":500,\"height\":500,\"caption\":\"Camper4Hire\"},\"image\":{\"@id\":\"https:\/\/camper4hire.co.nz\/#\/schema\/logo\/image\/\"},\"sameAs\":[\"https:\/\/www.facebook.com\/camper4hirenz\/\",\"https:\/\/www.instagram.com\/camper4hire\"]}]}<\/script>\n<!-- \/ Yoast SEO plugin. -->","yoast_head_json":{"title":"Thank you for your Booking - Nomado - Auckland Campervan Rental","robots":{"index":"index","follow":"follow","max-snippet":"max-snippet:-1","max-image-preview":"max-image-preview:large","max-video-preview":"max-video-preview:-1"},"canonical":"https:\/\/camper4hire.co.nz\/de\/danke-fuer-deine-buchung\/","og_locale":"de_DE","og_type":"article","og_title":"Thank you for your Booking - Nomado - Auckland Campervan Rental","og_description":"Thanks for your booking Whooo, you are going on a holiday! Thank you for your booking, we are super excited to meet you soon. You will receive a booking confirmation shortly and we will send through pickup details 7 days prior to your booking start. If you have any questions in the meantime, feel free [&hellip;]","og_url":"https:\/\/camper4hire.co.nz\/de\/danke-fuer-deine-buchung\/","og_site_name":"Nomado - Auckland Campervan Rental","article_publisher":"https:\/\/www.facebook.com\/camper4hirenz\/","article_modified_time":"2024-05-12T04:02:13+00:00","og_image":[{"width":1200,"height":900,"url":"https:\/\/camper4hire.co.nz\/wp-content\/uploads\/2023\/06\/Carly_006.jpg","type":"image\/webp"}],"twitter_card":"summary_large_image","twitter_misc":{"Gesch\u00e4tzte Lesezeit":"1\u00a0Minute"},"schema":{"@context":"https:\/\/schema.org","@graph":[{"@type":"WebPage","@id":"https:\/\/camper4hire.co.nz\/de\/danke-fuer-deine-buchung\/","url":"https:\/\/camper4hire.co.nz\/de\/danke-fuer-deine-buchung\/","name":"Thank you for your Booking - Nomado - Auckland Campervan Rental","isPartOf":{"@id":"https:\/\/camper4hire.co.nz\/#website"},"datePublished":"2023-07-25T22:17:29+00:00","dateModified":"2024-05-12T04:02:13+00:00","breadcrumb":{"@id":"https:\/\/camper4hire.co.nz\/de\/danke-fuer-deine-buchung\/#breadcrumb"},"inLanguage":"de","potentialAction":[{"@type":"ReadAction","target":["https:\/\/camper4hire.co.nz\/de\/danke-fuer-deine-buchung\/"]}]},{"@type":"BreadcrumbList","@id":"https:\/\/camper4hire.co.nz\/de\/danke-fuer-deine-buchung\/#breadcrumb","itemListElement":[{"@type":"ListItem","position":1,"name":"Home","item":"https:\/\/camper4hire.co.nz\/"},{"@type":"ListItem","position":2,"name":"Thank you for your Booking"}]},{"@type":"WebSite","@id":"https:\/\/camper4hire.co.nz\/#website","url":"https:\/\/camper4hire.co.nz\/","name":"Camper4Hire - Wohnmobilvermietung Neuseeland","description":"","publisher":{"@id":"https:\/\/camper4hire.co.nz\/#organization"},"potentialAction":[{"@type":"SearchAction","target":{"@type":"EntryPoint","urlTemplate":"https:\/\/camper4hire.co.nz\/?s={search_term_string}"},"query-input":{"@type":"PropertyValueSpecification","valueRequired":true,"valueName":"search_term_string"}}],"inLanguage":"de"},{"@type":"Organization","@id":"https:\/\/camper4hire.co.nz\/#organization","name":"Camper4Hire - Wohnmobilvermietung Neuseeland","url":"https:\/\/camper4hire.co.nz\/","logo":{"@type":"ImageObject","inLanguage":"de","@id":"https:\/\/camper4hire.co.nz\/#\/schema\/logo\/image\/","url":"https:\/\/camper4hire.co.nz\/wp-content\/uploads\/2024\/05\/Transparent-Background-2.png","contentUrl":"https:\/\/camper4hire.co.nz\/wp-content\/uploads\/2024\/05\/Transparent-Background-2.png","width":500,"height":500,"caption":"Camper4Hire"},"image":{"@id":"https:\/\/camper4hire.co.nz\/#\/schema\/logo\/image\/"},"sameAs":["https:\/\/www.facebook.com\/camper4hirenz\/","https:\/\/www.instagram.com\/camper4hire"]}]}},"_links":{"self":[{"href":"https:\/\/camper4hire.co.nz\/de\/wp-json\/wp\/v2\/pages\/4880","targetHints":{"allow":["GET"]}}],"collection":[{"href":"https:\/\/camper4hire.co.nz\/de\/wp-json\/wp\/v2\/pages"}],"about":[{"href":"https:\/\/camper4hire.co.nz\/de\/wp-json\/wp\/v2\/types\/page"}],"author":[{"embeddable":true,"href":"https:\/\/camper4hire.co.nz\/de\/wp-json\/wp\/v2\/users\/1"}],"replies":[{"embeddable":true,"href":"https:\/\/camper4hire.co.nz\/de\/wp-json\/wp\/v2\/comments?post=4880"}],"version-history":[{"count":0,"href":"https:\/\/camper4hire.co.nz\/de\/wp-json\/wp\/v2\/pages\/4880\/revisions"}],"wp:attachment":[{"href":"https:\/\/camper4hire.co.nz\/de\/wp-json\/wp\/v2\/media?parent=4880"}],"curies":[{"name":"wp","href":"https:\/\/api.w.org\/{rel}","templated":true}]}}