{"id":6134,"date":"2024-04-30T00:53:41","date_gmt":"2024-04-30T00:53:41","guid":{"rendered":"https:\/\/camper4hire.co.nz\/?page_id=6134"},"modified":"2025-11-11T02:42:29","modified_gmt":"2025-11-11T02:42:29","slug":"wohnmobil-deals","status":"publish","type":"page","link":"https:\/\/camper4hire.co.nz\/de\/wohnmobil-deals\/","title":{"rendered":"Campervan Special Deals"},"content":{"rendered":"<div data-elementor-type=\"wp-page\" data-elementor-id=\"6134\" class=\"elementor elementor-6134\" data-elementor-settings=\"{&quot;ha_cmc_init_switcher&quot;:&quot;no&quot;}\" data-elementor-post-type=\"page\">\n\t\t\t\t\t\t<section class=\"elementor-section elementor-top-section elementor-element elementor-element-a843018 elementor-section-full_width elementor-section-height-min-height elementor-section-items-stretch elementor-section-height-default\" data-id=\"a843018\" data-element_type=\"section\" data-e-type=\"section\" data-settings=\"{&quot;background_background&quot;:&quot;classic&quot;,&quot;_ha_eqh_enable&quot;:false}\">\n\t\t\t\t\t\t<div class=\"elementor-container elementor-column-gap-default\">\n\t\t\t\t\t<div class=\"elementor-column elementor-col-50 elementor-top-column elementor-element elementor-element-a198497\" data-id=\"a198497\" data-element_type=\"column\" data-e-type=\"column\" data-settings=\"{&quot;background_background&quot;:&quot;classic&quot;}\">\n\t\t\t<div class=\"elementor-widget-wrap elementor-element-populated\">\n\t\t\t\t\t\t<div class=\"elementor-element elementor-element-f6feac4 elementor-widget elementor-widget-spacer\" data-id=\"f6feac4\" data-element_type=\"widget\" data-e-type=\"widget\" data-widget_type=\"spacer.default\">\n\t\t\t\t\t\t\t<div class=\"elementor-spacer\">\n\t\t\t<div class=\"elementor-spacer-inner\"><\/div>\n\t\t<\/div>\n\t\t\t\t\t\t<\/div>\n\t\t\t\t\t<\/div>\n\t\t<\/div>\n\t\t\t\t<div class=\"elementor-column elementor-col-50 elementor-top-column elementor-element elementor-element-9e2a737\" data-id=\"9e2a737\" data-element_type=\"column\" data-e-type=\"column\" data-settings=\"{&quot;background_background&quot;:&quot;classic&quot;}\">\n\t\t\t<div class=\"elementor-widget-wrap elementor-element-populated\">\n\t\t\t\t\t\t<div class=\"elementor-element elementor-element-e55d7c0 elementor-widget elementor-widget-heading\" data-id=\"e55d7c0\" data-element_type=\"widget\" data-e-type=\"widget\" data-widget_type=\"heading.default\">\n\t\t\t\t\t<h1 class=\"elementor-heading-title elementor-size-default\">Campervan Deals &amp; Specials<\/h1>\t\t\t\t<\/div>\n\t\t\t\t\t<\/div>\n\t\t<\/div>\n\t\t\t\t\t<\/div>\n\t\t<\/section>\n\t\t\t\t<section class=\"elementor-section elementor-top-section elementor-element elementor-element-1d4bfc0 elementor-section-boxed elementor-section-height-default elementor-section-height-default\" data-id=\"1d4bfc0\" data-element_type=\"section\" data-e-type=\"section\" data-settings=\"{&quot;_ha_eqh_enable&quot;:false}\">\n\t\t\t\t\t\t<div class=\"elementor-container elementor-column-gap-default\">\n\t\t\t\t\t<div class=\"elementor-column elementor-col-100 elementor-top-column elementor-element elementor-element-d3f055e\" data-id=\"d3f055e\" data-element_type=\"column\" data-e-type=\"column\">\n\t\t\t<div class=\"elementor-widget-wrap elementor-element-populated\">\n\t\t\t\t\t\t<div class=\"elementor-element elementor-element-5625c34 elementor-widget elementor-widget-text-editor\" data-id=\"5625c34\" data-element_type=\"widget\" data-e-type=\"widget\" data-widget_type=\"text-editor.default\">\n\t\t\t\t\t\t\t\t\t<div class=\"[ rowPrimary ]\"><div class=\"[MOB: gutterPrimary-extra ][ gutterPrimary ]\"><div class=\"[ wysiwyg blurb ]\">Alle Angebote basieren auf der Fahrzeugverf\u00fcgbarkeit nach dem Prinzip \u201eWer zuerst kommt, mahlt zuerst\u201c. Nomado beh\u00e4lt sich das Recht vor, Sonderaktionen jederzeit einzustellen oder zu \u00e4ndern. Es k\u00f6nnen besondere Gesch\u00e4ftsbedingungen gelten.<\/div><\/div><\/div>\t\t\t\t\t\t\t\t<\/div>\n\t\t\t\t\t<\/div>\n\t\t<\/div>\n\t\t\t\t\t<\/div>\n\t\t<\/section>\n\t\t\t\t<section class=\"elementor-section elementor-top-section elementor-element elementor-element-fc1168d elementor-section-boxed elementor-section-height-default elementor-section-height-default\" data-id=\"fc1168d\" data-element_type=\"section\" data-e-type=\"section\" data-settings=\"{&quot;_ha_eqh_enable&quot;:false}\">\n\t\t\t\t\t\t<div class=\"elementor-container elementor-column-gap-default\">\n\t\t\t\t\t<div class=\"elementor-column elementor-col-100 elementor-top-column elementor-element elementor-element-ac28f56 elementor-hidden-desktop elementor-hidden-tablet elementor-hidden-mobile\" data-id=\"ac28f56\" data-element_type=\"column\" data-e-type=\"column\">\n\t\t\t<div class=\"elementor-widget-wrap elementor-element-populated\">\n\t\t\t\t\t\t<div class=\"elementor-element elementor-element-58bb323 elementor-widget elementor-widget-heading\" data-id=\"58bb323\" data-element_type=\"widget\" data-e-type=\"widget\" data-widget_type=\"heading.default\">\n\t\t\t\t\t<h2 class=\"elementor-heading-title elementor-size-default\">WINTER SPECIAL<\/h2>\t\t\t\t<\/div>\n\t\t\t\t<div class=\"elementor-element elementor-element-9c87b25 elementor-widget elementor-widget-text-editor\" data-id=\"9c87b25\" data-element_type=\"widget\" data-e-type=\"widget\" data-widget_type=\"text-editor.default\">\n\t\t\t\t\t\t\t\t\t<p>Unser\u00a0<strong>Nomado Winter Special: <\/strong>Unsere Tagesraten sind massiv reduziert f\u00fcr Trips zwischen dem 1. Mai 2025 und 30. August 2025.<\/p>\t\t\t\t\t\t\t\t<\/div>\n\t\t\t\t<div class=\"elementor-element elementor-element-61d27f4 elementor-icon-list--layout-traditional elementor-list-item-link-full_width elementor-widget elementor-widget-icon-list\" data-id=\"61d27f4\" data-element_type=\"widget\" data-e-type=\"widget\" data-widget_type=\"icon-list.default\">\n\t\t\t\t\t\t\t<ul class=\"elementor-icon-list-items\">\n\t\t\t\t\t\t\t<li class=\"elementor-icon-list-item\">\n\t\t\t\t\t\t\t\t\t\t\t<span class=\"elementor-icon-list-icon\">\n\t\t\t\t\t\t\t<i aria-hidden=\"true\" class=\"icon icon-savings\"><\/i>\t\t\t\t\t\t<\/span>\n\t\t\t\t\t\t\t\t\t\t<span class=\"elementor-icon-list-text\">Grande Kategorie von $180 pro Tag plus Langzeitdiscounts<\/span>\n\t\t\t\t\t\t\t\t\t<\/li>\n\t\t\t\t\t\t\t\t<li class=\"elementor-icon-list-item\">\n\t\t\t\t\t\t\t\t\t\t\t<span class=\"elementor-icon-list-icon\">\n\t\t\t\t\t\t\t<i aria-hidden=\"true\" class=\"icon icon-savings\"><\/i>\t\t\t\t\t\t<\/span>\n\t\t\t\t\t\t\t\t\t\t<span class=\"elementor-icon-list-text\">Cruiser Kategorie von $130 pro Tag plus Langzeitdiscounts<\/span>\n\t\t\t\t\t\t\t\t\t<\/li>\n\t\t\t\t\t\t<\/ul>\n\t\t\t\t\t\t<\/div>\n\t\t\t\t<div class=\"elementor-element elementor-element-dce64c4 elementor-widget elementor-widget-text-editor\" data-id=\"dce64c4\" data-element_type=\"widget\" data-e-type=\"widget\" data-widget_type=\"text-editor.default\">\n\t\t\t\t\t\t\t\t\t<p>Bitte beachte, dass Kurzzeitmieten unter 7 Tagen eine Kurzzeitpauschale beinhalten.<\/p>\t\t\t\t\t\t\t\t<\/div>\n\t\t\t\t\t<\/div>\n\t\t<\/div>\n\t\t\t\t\t<\/div>\n\t\t<\/section>\n\t\t\t\t<section class=\"elementor-section elementor-top-section elementor-element elementor-element-03fb108 elementor-section-boxed elementor-section-height-default elementor-section-height-default\" data-id=\"03fb108\" data-element_type=\"section\" data-e-type=\"section\" data-settings=\"{&quot;_ha_eqh_enable&quot;:false}\">\n\t\t\t\t\t\t<div class=\"elementor-container elementor-column-gap-default\">\n\t\t\t\t\t<div class=\"elementor-column elementor-col-100 elementor-top-column elementor-element elementor-element-6e3a850\" data-id=\"6e3a850\" data-element_type=\"column\" data-e-type=\"column\">\n\t\t\t<div class=\"elementor-widget-wrap elementor-element-populated\">\n\t\t\t\t\t\t<div class=\"elementor-element elementor-element-8207d7d elementor-widget elementor-widget-heading\" data-id=\"8207d7d\" data-element_type=\"widget\" data-e-type=\"widget\" data-widget_type=\"heading.default\">\n\t\t\t\t\t<h2 class=\"elementor-heading-title elementor-size-default\">Sonderangebote Einwegmiete<\/h2>\t\t\t\t<\/div>\n\t\t<div class=\"elementor-element elementor-element-7821bdd e-flex e-con-boxed e-con e-parent\" data-id=\"7821bdd\" data-element_type=\"container\" data-e-type=\"container\" data-settings=\"{&quot;_ha_eqh_enable&quot;:false}\">\n\t\t\t\t\t<div class=\"e-con-inner\">\n\t\t\t\t<div class=\"elementor-element elementor-element-38a9f82 elementor-widget elementor-widget-heading\" data-id=\"38a9f82\" data-element_type=\"widget\" data-e-type=\"widget\" data-widget_type=\"heading.default\">\n\t\t\t\t\t<h2 class=\"elementor-heading-title elementor-size-default\">CHRISTCHURCH - AUCKLAND  NOVEMBER \/ Dezember 2025<\/h2>\t\t\t\t<\/div>\n\t\t\t\t<div class=\"elementor-element elementor-element-f45d11b elementor-widget elementor-widget-text-editor\" data-id=\"f45d11b\" data-element_type=\"widget\" data-e-type=\"widget\" data-widget_type=\"text-editor.default\">\n\t\t\t\t\t\t\t\t\t<p>Wir haben aktuell eine Einwegmiete von Auckland nach Christchurch verf\u00fcgbar.<\/p><ul><li>Abholung vom 27. November 2025 verf\u00fcgbar<\/li><li>Fahrzeugkategorie: <a href=\"https:\/\/camper4hire.co.nz\/de\/wohnmobile\/comfort\/\">Komfort<\/a><\/li><li>Keine Eingweg Geb\u00fchr.<\/li><\/ul><p>Um zu buchen, schick uns bitte eine Nachricht \u00fcber unsere <a href=\"https:\/\/camper4hire.co.nz\/de\/kontakt\/\">Kontaktseite<\/a>.<\/p>\t\t\t\t\t\t\t\t<\/div>\n\t\t\t\t\t<\/div>\n\t\t\t\t<\/div>\n\t\t<div class=\"elementor-element elementor-element-92d823f e-flex e-con-boxed e-con e-parent\" data-id=\"92d823f\" data-element_type=\"container\" data-e-type=\"container\" data-settings=\"{&quot;_ha_eqh_enable&quot;:false}\">\n\t\t\t\t\t<div class=\"e-con-inner\">\n\t\t\t\t<div class=\"elementor-element elementor-element-4f24971 elementor-widget elementor-widget-heading\" data-id=\"4f24971\" data-element_type=\"widget\" data-e-type=\"widget\" data-widget_type=\"heading.default\">\n\t\t\t\t\t<h2 class=\"elementor-heading-title elementor-size-default\">Auckland - Christchurch Dezember 2025<\/h2>\t\t\t\t<\/div>\n\t\t\t\t<div class=\"elementor-element elementor-element-0157c7b elementor-widget elementor-widget-text-editor\" data-id=\"0157c7b\" data-element_type=\"widget\" data-e-type=\"widget\" data-widget_type=\"text-editor.default\">\n\t\t\t\t\t\t\t\t\t<p>Wir haben aktuell eine Einwegmiete von Auckland nach Christchurch verf\u00fcgbar.<\/p><ul><li>Abholung vom 18. Dezember 2025 verf\u00fcgbar<\/li><li>Abgabe in Christchurch muss vor dem 29. Dezember 2025 erfolgen.<\/li><li>Fahrzeugkategorie: <a href=\"https:\/\/camper4hire.co.nz\/de\/wohnmobile\/grande\/\">Grande<\/a><\/li><li>Keine Eingweg Geb\u00fchr.<\/li><li>$250 Tank Gutschein<\/li><\/ul><p>Um zu buchen, schick uns bitte eine Nachricht \u00fcber unsere <a href=\"https:\/\/camper4hire.co.nz\/de\/kontakt\/\">Kontaktseite<\/a>.<\/p>\t\t\t\t\t\t\t\t<\/div>\n\t\t\t\t\t<\/div>\n\t\t\t\t<\/div>\n\t\t<div class=\"elementor-element elementor-element-6607cff e-flex e-con-boxed e-con e-parent\" data-id=\"6607cff\" data-element_type=\"container\" data-e-type=\"container\" data-settings=\"{&quot;_ha_eqh_enable&quot;:false}\">\n\t\t\t\t\t<div class=\"e-con-inner\">\n\t\t\t\t<div class=\"elementor-element elementor-element-3aa0dca elementor-widget elementor-widget-heading\" data-id=\"3aa0dca\" data-element_type=\"widget\" data-e-type=\"widget\" data-widget_type=\"heading.default\">\n\t\t\t\t\t<h2 class=\"elementor-heading-title elementor-size-default\">Auckland - Christchurch  January 2026<\/h2>\t\t\t\t<\/div>\n\t\t\t\t<div class=\"elementor-element elementor-element-c55dfd3 elementor-widget elementor-widget-text-editor\" data-id=\"c55dfd3\" data-element_type=\"widget\" data-e-type=\"widget\" data-widget_type=\"text-editor.default\">\n\t\t\t\t\t\t\t\t\t<p>Wir haben aktuell eine Einwegmiete von Auckland nach Christchurch verf\u00fcgbar.<\/p><ul><li>Abholung vom 7 Januar 2026 verf\u00fcgbar.<\/li><li>Muss in Christchurch vor dem 23. Januar 2026 abgegeben werden.<\/li><li>Fahrzeugkategorie: <a href=\"https:\/\/camper4hire.co.nz\/de\/wohnmobile\/cruiser\/\">Cruiser<\/a><\/li><li>Keine Eingweg Geb\u00fchr.<\/li><li>$250 Tank Gutschein<\/li><\/ul><p>Um zu buchen, schick uns bitte eine Nachricht \u00fcber unsere <a href=\"https:\/\/camper4hire.co.nz\/de\/kontakt\/\">Kontaktseite<\/a>.<\/p>\t\t\t\t\t\t\t\t<\/div>\n\t\t\t\t\t<\/div>\n\t\t\t\t<\/div>\n\t\t<div class=\"elementor-element elementor-element-e795d5a e-flex e-con-boxed e-con e-parent\" data-id=\"e795d5a\" data-element_type=\"container\" data-e-type=\"container\" data-settings=\"{&quot;_ha_eqh_enable&quot;:false}\">\n\t\t\t\t\t<div class=\"e-con-inner\">\n\t\t\t\t<div class=\"elementor-element elementor-element-eec24dd elementor-widget elementor-widget-heading\" data-id=\"eec24dd\" data-element_type=\"widget\" data-e-type=\"widget\" data-widget_type=\"heading.default\">\n\t\t\t\t\t<h2 class=\"elementor-heading-title elementor-size-default\">Relocation Christchurch - Auckland  March 2026<\/h2>\t\t\t\t<\/div>\n\t\t\t\t<div class=\"elementor-element elementor-element-2fa3b44 elementor-widget elementor-widget-text-editor\" data-id=\"2fa3b44\" data-element_type=\"widget\" data-e-type=\"widget\" data-widget_type=\"text-editor.default\">\n\t\t\t\t\t\t\t\t\t<p>Wir haben aktuell eine kostenlose Einwegmiete von Auckland nach Christchurch verf\u00fcgbar.<\/p><ul><li>Abholung in Christchurch am 4. M\u00e4rz 2026<\/li><li>Abgabe bis sp\u00e4testens 8. M\u00e4rz in Auckland<\/li><li>Fahrzeugkategorie: <a href=\"https:\/\/camper4hire.co.nz\/de\/wohnmobile\/cruiser\/\">Grande<\/a><\/li><li>Kostenlose Buchung mit Premium Versicherung<\/li><li>Kostenloses F\u00e4hrticket f\u00fcr Camper &amp; 1 Erwachsenen<\/li><li>$250 Tank Gutschein<\/li><\/ul><p>Um zu buchen, schick uns bitte eine Nachricht \u00fcber unsere <a href=\"https:\/\/camper4hire.co.nz\/de\/kontakt\/\">Kontaktseite<\/a>.<\/p>\t\t\t\t\t\t\t\t<\/div>\n\t\t\t\t\t<\/div>\n\t\t\t\t<\/div>\n\t\t\t\t\t<\/div>\n\t\t<\/div>\n\t\t\t\t\t<\/div>\n\t\t<\/section>\n\t\t\t\t<section class=\"elementor-section elementor-top-section elementor-element elementor-element-f9fed92 elementor-section-boxed elementor-section-height-default elementor-section-height-default\" data-id=\"f9fed92\" data-element_type=\"section\" data-e-type=\"section\" data-settings=\"{&quot;_ha_eqh_enable&quot;:false}\">\n\t\t\t\t\t\t<div class=\"elementor-container elementor-column-gap-default\">\n\t\t\t\t\t<div class=\"elementor-column elementor-col-100 elementor-top-column elementor-element elementor-element-190708e\" data-id=\"190708e\" data-element_type=\"column\" data-e-type=\"column\">\n\t\t\t<div class=\"elementor-widget-wrap elementor-element-populated\">\n\t\t\t\t\t\t<div class=\"elementor-element elementor-element-fe20623 elementor-widget elementor-widget-heading\" data-id=\"fe20623\" data-element_type=\"widget\" data-e-type=\"widget\" data-widget_type=\"heading.default\">\n\t\t\t\t\t<h2 class=\"elementor-heading-title elementor-size-default\">Langzeitmieten Spezialangebot<\/h2>\t\t\t\t<\/div>\n\t\t<div class=\"elementor-element elementor-element-f5c0141 e-flex e-con-boxed e-con e-parent\" data-id=\"f5c0141\" data-element_type=\"container\" data-e-type=\"container\" data-settings=\"{&quot;_ha_eqh_enable&quot;:false}\">\n\t\t\t\t\t<div class=\"e-con-inner\">\n\t\t\t\t<div class=\"elementor-element elementor-element-e7c1be7 elementor-widget elementor-widget-text-editor\" data-id=\"e7c1be7\" data-element_type=\"widget\" data-e-type=\"widget\" data-widget_type=\"text-editor.default\">\n\t\t\t\t\t\t\t\t\t<p>Wir bieten die folgenden Rabatte f\u00fcr Langzeitmieten an:<\/p><table dir=\"ltr\" border=\"1\" cellspacing=\"0\" cellpadding=\"0\" data-sheets-root=\"1\" data-sheets-baot=\"1\"><colgroup> <col width=\"114\" \/> <col width=\"100\" \/><\/colgroup><tbody><tr><td>Buchungen \u00fcber 21 Tage:<\/td><td>5%<\/td><\/tr><tr><td>Buchungen \u00fcber 41 Tage:<\/td><td>8%<\/td><\/tr><tr><td>Buchungen \u00fcber 91 Tage:<\/td><td>15%<\/td><\/tr><\/tbody><\/table>\t\t\t\t\t\t\t\t<\/div>\n\t\t\t\t\t<\/div>\n\t\t\t\t<\/div>\n\t\t\t\t\t<\/div>\n\t\t<\/div>\n\t\t\t\t\t<\/div>\n\t\t<\/section>\n\t\t\t\t<\/div>","protected":false},"excerpt":{"rendered":"<p>Campervan rental deals &amp; Specials All offers and promotions are based on vehicle availability on a first come, first serve basis. Nomado reserves the right to discontinue or change special promotions at any time. Special terms and conditions may apply. WINTER SPECIAL We are pleased to announce our\u00a0Nomado Winter Special: Our Daily Rates are massively [&hellip;]<\/p>","protected":false},"author":1,"featured_media":5541,"parent":0,"menu_order":0,"comment_status":"closed","ping_status":"closed","template":"elementor_header_footer","meta":{"_monsterinsights_skip_tracking":false,"_monsterinsights_sitenote_active":false,"_monsterinsights_sitenote_note":"","_monsterinsights_sitenote_category":0,"footnotes":""},"class_list":["post-6134","page","type-page","status-publish","has-post-thumbnail","hentry"],"yoast_head":"<!-- This site is optimized with the Yoast SEO plugin v26.3 - https:\/\/yoast.com\/wordpress\/plugins\/seo\/ -->\n<title>Campervan Rental Deals from Auckland, Christchurch, Wellington<\/title>\n<meta name=\"description\" content=\"Looking to hire a campervan or motorhome in New Zealand? Check out our current campervan rental special deals. One Way Hires and Specials.\" \/>\n<meta name=\"robots\" content=\"index, follow, max-snippet:-1, max-image-preview:large, max-video-preview:-1\" \/>\n<link rel=\"canonical\" href=\"https:\/\/camper4hire.co.nz\/de\/wohnmobil-deals\/\" \/>\n<meta property=\"og:locale\" content=\"de_DE\" \/>\n<meta property=\"og:type\" content=\"article\" \/>\n<meta property=\"og:title\" content=\"Campervan Rental Deals from Auckland, Christchurch, Wellington\" \/>\n<meta property=\"og:description\" content=\"Looking to hire a campervan or motorhome in New Zealand? Check out our current campervan rental special deals. One Way Hires and Specials.\" \/>\n<meta property=\"og:url\" content=\"https:\/\/camper4hire.co.nz\/de\/wohnmobil-deals\/\" \/>\n<meta property=\"og:site_name\" content=\"Nomado - Auckland Campervan Rental\" \/>\n<meta property=\"article:publisher\" content=\"https:\/\/www.facebook.com\/camper4hirenz\/\" \/>\n<meta property=\"article:modified_time\" content=\"2025-11-11T02:42:29+00:00\" \/>\n<meta property=\"og:image\" content=\"https:\/\/camper4hire.co.nz\/wp-content\/uploads\/2023\/11\/Billy_Campervan_013.jpg\" \/>\n\t<meta property=\"og:image:width\" content=\"1000\" \/>\n\t<meta property=\"og:image:height\" content=\"750\" \/>\n\t<meta property=\"og:image:type\" content=\"image\/webp\" \/>\n<meta name=\"twitter:card\" content=\"summary_large_image\" \/>\n<meta name=\"twitter:label1\" content=\"Gesch\u00e4tzte Lesezeit\" \/>\n\t<meta name=\"twitter:data1\" content=\"2\u00a0Minuten\" \/>\n<script type=\"application\/ld+json\" class=\"yoast-schema-graph\">{\"@context\":\"https:\/\/schema.org\",\"@graph\":[{\"@type\":\"WebPage\",\"@id\":\"https:\/\/camper4hire.co.nz\/de\/wohnmobil-deals\/\",\"url\":\"https:\/\/camper4hire.co.nz\/de\/wohnmobil-deals\/\",\"name\":\"Campervan Rental Deals from Auckland, Christchurch, Wellington\",\"isPartOf\":{\"@id\":\"https:\/\/camper4hire.co.nz\/#website\"},\"primaryImageOfPage\":{\"@id\":\"https:\/\/camper4hire.co.nz\/de\/wohnmobil-deals\/#primaryimage\"},\"image\":{\"@id\":\"https:\/\/camper4hire.co.nz\/de\/wohnmobil-deals\/#primaryimage\"},\"thumbnailUrl\":\"https:\/\/camper4hire.co.nz\/wp-content\/uploads\/2023\/11\/Billy_Campervan_013.jpg\",\"datePublished\":\"2024-04-30T00:53:41+00:00\",\"dateModified\":\"2025-11-11T02:42:29+00:00\",\"description\":\"Looking to hire a campervan or motorhome in New Zealand? Check out our current campervan rental special deals. One Way Hires and Specials.\",\"breadcrumb\":{\"@id\":\"https:\/\/camper4hire.co.nz\/de\/wohnmobil-deals\/#breadcrumb\"},\"inLanguage\":\"de\",\"potentialAction\":[{\"@type\":\"ReadAction\",\"target\":[\"https:\/\/camper4hire.co.nz\/de\/wohnmobil-deals\/\"]}]},{\"@type\":\"ImageObject\",\"inLanguage\":\"de\",\"@id\":\"https:\/\/camper4hire.co.nz\/de\/wohnmobil-deals\/#primaryimage\",\"url\":\"https:\/\/camper4hire.co.nz\/wp-content\/uploads\/2023\/11\/Billy_Campervan_013.jpg\",\"contentUrl\":\"https:\/\/camper4hire.co.nz\/wp-content\/uploads\/2023\/11\/Billy_Campervan_013.jpg\",\"width\":1000,\"height\":750,\"caption\":\"Campervan Billy - Camper4Hire Auckland Campervan Rental\"},{\"@type\":\"BreadcrumbList\",\"@id\":\"https:\/\/camper4hire.co.nz\/de\/wohnmobil-deals\/#breadcrumb\",\"itemListElement\":[{\"@type\":\"ListItem\",\"position\":1,\"name\":\"Home\",\"item\":\"https:\/\/camper4hire.co.nz\/\"},{\"@type\":\"ListItem\",\"position\":2,\"name\":\"Campervan Special Deals\"}]},{\"@type\":\"WebSite\",\"@id\":\"https:\/\/camper4hire.co.nz\/#website\",\"url\":\"https:\/\/camper4hire.co.nz\/\",\"name\":\"Camper4Hire\",\"description\":\"\",\"publisher\":{\"@id\":\"https:\/\/camper4hire.co.nz\/#organization\"},\"potentialAction\":[{\"@type\":\"SearchAction\",\"target\":{\"@type\":\"EntryPoint\",\"urlTemplate\":\"https:\/\/camper4hire.co.nz\/?s={search_term_string}\"},\"query-input\":{\"@type\":\"PropertyValueSpecification\",\"valueRequired\":true,\"valueName\":\"search_term_string\"}}],\"inLanguage\":\"de\"},{\"@type\":\"Organization\",\"@id\":\"https:\/\/camper4hire.co.nz\/#organization\",\"name\":\"Camper4Hire\",\"url\":\"https:\/\/camper4hire.co.nz\/\",\"logo\":{\"@type\":\"ImageObject\",\"inLanguage\":\"de\",\"@id\":\"https:\/\/camper4hire.co.nz\/#\/schema\/logo\/image\/\",\"url\":\"https:\/\/camper4hire.co.nz\/wp-content\/uploads\/2024\/05\/Transparent-Background-2.png\",\"contentUrl\":\"https:\/\/camper4hire.co.nz\/wp-content\/uploads\/2024\/05\/Transparent-Background-2.png\",\"width\":500,\"height\":500,\"caption\":\"Camper4Hire\"},\"image\":{\"@id\":\"https:\/\/camper4hire.co.nz\/#\/schema\/logo\/image\/\"},\"sameAs\":[\"https:\/\/www.facebook.com\/camper4hirenz\/\",\"https:\/\/www.instagram.com\/camper4hire\"]}]}<\/script>\n<!-- \/ Yoast SEO plugin. -->","yoast_head_json":{"title":"Campervan Rental Deals from Auckland, Christchurch, Wellington","description":"Looking to hire a campervan or motorhome in New Zealand? Check out our current campervan rental special deals. One Way Hires and Specials.","robots":{"index":"index","follow":"follow","max-snippet":"max-snippet:-1","max-image-preview":"max-image-preview:large","max-video-preview":"max-video-preview:-1"},"canonical":"https:\/\/camper4hire.co.nz\/de\/wohnmobil-deals\/","og_locale":"de_DE","og_type":"article","og_title":"Campervan Rental Deals from Auckland, Christchurch, Wellington","og_description":"Looking to hire a campervan or motorhome in New Zealand? Check out our current campervan rental special deals. One Way Hires and Specials.","og_url":"https:\/\/camper4hire.co.nz\/de\/wohnmobil-deals\/","og_site_name":"Nomado - Auckland Campervan Rental","article_publisher":"https:\/\/www.facebook.com\/camper4hirenz\/","article_modified_time":"2025-11-11T02:42:29+00:00","og_image":[{"width":1000,"height":750,"url":"https:\/\/camper4hire.co.nz\/wp-content\/uploads\/2023\/11\/Billy_Campervan_013.jpg","type":"image\/webp"}],"twitter_card":"summary_large_image","twitter_misc":{"Gesch\u00e4tzte Lesezeit":"2\u00a0Minuten"},"schema":{"@context":"https:\/\/schema.org","@graph":[{"@type":"WebPage","@id":"https:\/\/camper4hire.co.nz\/de\/wohnmobil-deals\/","url":"https:\/\/camper4hire.co.nz\/de\/wohnmobil-deals\/","name":"Campervan Rental Deals from Auckland, Christchurch, Wellington","isPartOf":{"@id":"https:\/\/camper4hire.co.nz\/#website"},"primaryImageOfPage":{"@id":"https:\/\/camper4hire.co.nz\/de\/wohnmobil-deals\/#primaryimage"},"image":{"@id":"https:\/\/camper4hire.co.nz\/de\/wohnmobil-deals\/#primaryimage"},"thumbnailUrl":"https:\/\/camper4hire.co.nz\/wp-content\/uploads\/2023\/11\/Billy_Campervan_013.jpg","datePublished":"2024-04-30T00:53:41+00:00","dateModified":"2025-11-11T02:42:29+00:00","description":"Looking to hire a campervan or motorhome in New Zealand? Check out our current campervan rental special deals. One Way Hires and Specials.","breadcrumb":{"@id":"https:\/\/camper4hire.co.nz\/de\/wohnmobil-deals\/#breadcrumb"},"inLanguage":"de","potentialAction":[{"@type":"ReadAction","target":["https:\/\/camper4hire.co.nz\/de\/wohnmobil-deals\/"]}]},{"@type":"ImageObject","inLanguage":"de","@id":"https:\/\/camper4hire.co.nz\/de\/wohnmobil-deals\/#primaryimage","url":"https:\/\/camper4hire.co.nz\/wp-content\/uploads\/2023\/11\/Billy_Campervan_013.jpg","contentUrl":"https:\/\/camper4hire.co.nz\/wp-content\/uploads\/2023\/11\/Billy_Campervan_013.jpg","width":1000,"height":750,"caption":"Campervan Billy - Camper4Hire Auckland Campervan Rental"},{"@type":"BreadcrumbList","@id":"https:\/\/camper4hire.co.nz\/de\/wohnmobil-deals\/#breadcrumb","itemListElement":[{"@type":"ListItem","position":1,"name":"Home","item":"https:\/\/camper4hire.co.nz\/"},{"@type":"ListItem","position":2,"name":"Campervan Special Deals"}]},{"@type":"WebSite","@id":"https:\/\/camper4hire.co.nz\/#website","url":"https:\/\/camper4hire.co.nz\/","name":"Camper4Hire - Wohnmobilvermietung Neuseeland","description":"","publisher":{"@id":"https:\/\/camper4hire.co.nz\/#organization"},"potentialAction":[{"@type":"SearchAction","target":{"@type":"EntryPoint","urlTemplate":"https:\/\/camper4hire.co.nz\/?s={search_term_string}"},"query-input":{"@type":"PropertyValueSpecification","valueRequired":true,"valueName":"search_term_string"}}],"inLanguage":"de"},{"@type":"Organization","@id":"https:\/\/camper4hire.co.nz\/#organization","name":"Camper4Hire - Wohnmobilvermietung Neuseeland","url":"https:\/\/camper4hire.co.nz\/","logo":{"@type":"ImageObject","inLanguage":"de","@id":"https:\/\/camper4hire.co.nz\/#\/schema\/logo\/image\/","url":"https:\/\/camper4hire.co.nz\/wp-content\/uploads\/2024\/05\/Transparent-Background-2.png","contentUrl":"https:\/\/camper4hire.co.nz\/wp-content\/uploads\/2024\/05\/Transparent-Background-2.png","width":500,"height":500,"caption":"Camper4Hire"},"image":{"@id":"https:\/\/camper4hire.co.nz\/#\/schema\/logo\/image\/"},"sameAs":["https:\/\/www.facebook.com\/camper4hirenz\/","https:\/\/www.instagram.com\/camper4hire"]}]}},"_links":{"self":[{"href":"https:\/\/camper4hire.co.nz\/de\/wp-json\/wp\/v2\/pages\/6134","targetHints":{"allow":["GET"]}}],"collection":[{"href":"https:\/\/camper4hire.co.nz\/de\/wp-json\/wp\/v2\/pages"}],"about":[{"href":"https:\/\/camper4hire.co.nz\/de\/wp-json\/wp\/v2\/types\/page"}],"author":[{"embeddable":true,"href":"https:\/\/camper4hire.co.nz\/de\/wp-json\/wp\/v2\/users\/1"}],"replies":[{"embeddable":true,"href":"https:\/\/camper4hire.co.nz\/de\/wp-json\/wp\/v2\/comments?post=6134"}],"version-history":[{"count":19,"href":"https:\/\/camper4hire.co.nz\/de\/wp-json\/wp\/v2\/pages\/6134\/revisions"}],"predecessor-version":[{"id":8196,"href":"https:\/\/camper4hire.co.nz\/de\/wp-json\/wp\/v2\/pages\/6134\/revisions\/8196"}],"wp:featuredmedia":[{"embeddable":true,"href":"https:\/\/camper4hire.co.nz\/de\/wp-json\/wp\/v2\/media\/5541"}],"wp:attachment":[{"href":"https:\/\/camper4hire.co.nz\/de\/wp-json\/wp\/v2\/media?parent=6134"}],"curies":[{"name":"wp","href":"https:\/\/api.w.org\/{rel}","templated":true}]}}